{"id":5206,"date":"2025-02-24T17:09:13","date_gmt":"2025-02-24T17:09:13","guid":{"rendered":"http:\/\/4-5centralsquarecardiff.com\/?page_id=5206"},"modified":"2025-08-01T15:38:35","modified_gmt":"2025-08-01T15:38:35","slug":"welcome","status":"publish","type":"page","link":"https:\/\/4-5centralsquarecardiff.com\/cy\/welcome","title":{"rendered":"Cysylltu"},"content":{"rendered":"<p><div class=\"fusion-bg-parallax\" data-bg-align=\"center center\" data-direction=\"down\" data-mute=\"false\" data-opacity=\"100\" data-velocity=\"-0.3\" data-mobile-enabled=\"false\" data-break_parents=\"0\" data-bg-image=\"https:\/\/4-5centralsquarecardiff.com\/wp-content\/uploads\/2025\/08\/BLUE_CASTLE_CAPITAL_CARDIFF_CENTRAL_SQ_V02_FINAL_LOW_RES.jpg\" data-bg-repeat=\"false\" data-bg-color=\"rgba(0,0,0,0.46)\" data-blend-mode=\"multiply\" ><\/div><div class=\"fusion-fullwidth fullwidth-box fusion-builder-row-1 fusion-flex-container has-pattern-background has-mask-background fusion-parallax-down nonhundred-percent-fullwidth non-hundred-percent-height-scrolling lazyload\" style=\"--awb-background-blend-mode:multiply;--awb-border-radius-top-left:0px;--awb-border-radius-top-right:0px;--awb-border-radius-bottom-right:0px;--awb-border-radius-bottom-left:0px;--awb-padding-top:20vw;--awb-padding-right:20vw;--awb-padding-bottom:2vw;--awb-padding-left:20vw;--awb-min-height:600px;--awb-background-color:rgba(0,0,0,0.46);--awb-background-size:cover;--awb-flex-wrap:wrap;\" data-bg=\"https:\/\/4-5centralsquarecardiff.com\/wp-content\/uploads\/2025\/08\/BLUE_CASTLE_CAPITAL_CARDIFF_CENTRAL_SQ_V02_FINAL_LOW_RES.jpg\" ><div class=\"fusion-builder-row fusion-row fusion-flex-align-items-flex-start fusion-flex-content-wrap\" style=\"max-width:104%;margin-left: calc(-4% \/ 2 );margin-right: calc(-4% \/ 2 );\"><div class=\"fusion-layout-column fusion_builder_column fusion-builder-column-0 fusion_builder_column_1_1 1_1 fusion-flex-column fusion-flex-align-self-flex-start\" style=\"--awb-bg-size:cover;--awb-width-large:100%;--awb-margin-top-large:-72px;--awb-spacing-right-large:0%;--awb-margin-bottom-large:0px;--awb-spacing-left-large:0%;--awb-width-medium:100%;--awb-order-medium:0;--awb-spacing-right-medium:1.92%;--awb-spacing-left-medium:1.92%;--awb-width-small:100%;--awb-order-small:0;--awb-spacing-right-small:1.92%;--awb-spacing-left-small:1.92%;\"><div class=\"fusion-column-wrapper fusion-column-has-shadow fusion-flex-justify-content-flex-start fusion-content-layout-column\"><div class=\"fusion-text fusion-text-1\"><h1 style=\"text-align: center; --fontSize: 48; line-height: 1;\" data-fontsize=\"48\" data-lineheight=\"48px\" class=\"fusion-responsive-typography-calculated\"><span style=\"background-color: rgba(0, 0, 0, 0); color: var(--awb-color1); font-size: 76px; line-height: 96px;\" data-fusion-font=\"true\">Cysylltu<\/span><\/h1>\n<h1 style=\"text-align: center; --fontSize: 48; line-height: 1;\" data-fontsize=\"48\" data-lineheight=\"48px\" class=\"fusion-responsive-typography-calculated\">\n<\/h1>\n<\/div><\/div><\/div><\/div><\/div><div class=\"fusion-fullwidth fullwidth-box fusion-builder-row-2 fusion-flex-container has-pattern-background has-mask-background nonhundred-percent-fullwidth non-hundred-percent-height-scrolling\" style=\"--awb-border-radius-top-left:0px;--awb-border-radius-top-right:0px;--awb-border-radius-bottom-right:0px;--awb-border-radius-bottom-left:0px;--awb-padding-top:2vw;--awb-padding-right:20vw;--awb-padding-bottom:2vw;--awb-padding-left:20vw;--awb-background-color:#060e3d;--awb-flex-wrap:wrap;\" ><div class=\"fusion-builder-row fusion-row fusion-flex-align-items-flex-start fusion-flex-content-wrap\" style=\"max-width:104%;margin-left: calc(-4% \/ 2 );margin-right: calc(-4% \/ 2 );\"><div class=\"fusion-layout-column fusion_builder_column fusion-builder-column-1 fusion_builder_column_1_1 1_1 fusion-flex-column\" style=\"--awb-bg-size:cover;--awb-width-large:100%;--awb-margin-top-large:0px;--awb-spacing-right-large:1.92%;--awb-margin-bottom-large:0px;--awb-spacing-left-large:1.92%;--awb-width-medium:100%;--awb-order-medium:0;--awb-spacing-right-medium:1.92%;--awb-spacing-left-medium:1.92%;--awb-width-small:100%;--awb-order-small:0;--awb-spacing-right-small:1.92%;--awb-spacing-left-small:1.92%;\"><div class=\"fusion-column-wrapper fusion-column-has-shadow fusion-flex-justify-content-flex-start fusion-content-layout-column\"><div class=\"fusion-text fusion-text-2\"><h4 style=\"text-align: center; color: rgb(255, 255, 255); --fontSize: 24; line-height: 1.5; --minFontSize: 24;\" data-fontsize=\"24\" data-lineheight=\"36px\" class=\"fusion-responsive-typography-calculated\">\n<p><span style=\"background-color: rgba(0, 0, 0, 0); font-weight: normal;\">Os hoffech gysylltu neu os oes gennych unrhyw gwestiynau neu sylwadau, mae croeso i chi gysylltu \u00e2'r t\u00eem ymgysylltu gan ddefnyddio'r manylion e-bost neu ff\u00f4n isod.<\/span><\/p>\n<p>E-bost:<span style=\"font-weight: normal;\"> consultation@iceniprojects.com<\/span><\/p>\n<p>Ff\u00f4n:<span style=\"font-weight: normal;\"> 07795 614 307<\/span><\/p>\n<\/h4>\n<\/div><\/div><\/div><\/div><\/div><\/p>","protected":false},"excerpt":{"rendered":"","protected":false},"author":1,"featured_media":0,"parent":0,"menu_order":0,"comment_status":"closed","ping_status":"closed","template":"100-width.php","meta":{"_monsterinsights_skip_tracking":false,"_monsterinsights_sitenote_active":false,"_monsterinsights_sitenote_note":"","_monsterinsights_sitenote_category":0,"footnotes":""},"class_list":["post-5206","page","type-page","status-publish","hentry"],"_links":{"self":[{"href":"https:\/\/4-5centralsquarecardiff.com\/cy\/wp-json\/wp\/v2\/pages\/5206","targetHints":{"allow":["GET"]}}],"collection":[{"href":"https:\/\/4-5centralsquarecardiff.com\/cy\/wp-json\/wp\/v2\/pages"}],"about":[{"href":"https:\/\/4-5centralsquarecardiff.com\/cy\/wp-json\/wp\/v2\/types\/page"}],"author":[{"embeddable":true,"href":"https:\/\/4-5centralsquarecardiff.com\/cy\/wp-json\/wp\/v2\/users\/1"}],"replies":[{"embeddable":true,"href":"https:\/\/4-5centralsquarecardiff.com\/cy\/wp-json\/wp\/v2\/comments?post=5206"}],"version-history":[{"count":0,"href":"https:\/\/4-5centralsquarecardiff.com\/cy\/wp-json\/wp\/v2\/pages\/5206\/revisions"}],"wp:attachment":[{"href":"https:\/\/4-5centralsquarecardiff.com\/cy\/wp-json\/wp\/v2\/media?parent=5206"}],"curies":[{"name":"wp","href":"https:\/\/api.w.org\/{rel}","templated":true}]}}